{"id":20,"date":"2014-04-03T11:31:50","date_gmt":"2014-04-03T09:31:50","guid":{"rendered":"http:\/\/www.josefin.schygge.se\/?page_id=20"},"modified":"2024-01-14T09:31:22","modified_gmt":"2024-01-14T08:31:22","slug":"forfattaren-josefin","status":"publish","type":"page","link":"https:\/\/www.josefin.schygge.se\/","title":{"rendered":"Aktuellt"},"content":{"rendered":"\n<figure class=\"wp-block-image size-large\"><a href=\"blob:https:\/\/www.josefin.schygge.se\/24659540-1ecd-4169-a266-004689491b25\"><img src=\"blob:https:\/\/www.josefin.schygge.se\/24659540-1ecd-4169-a266-004689491b25\" alt=\"\"\/><\/a><\/figure>\n\n\n<p><span style=\"font-size: inherit;\">Ny sp\u00e4nningsroman med br\u00e4nnande samh\u00e4llsfr\u00e5gor i centrum av f\u00f6rfattaren till \u201dAllt f\u00f6r dig\u201d. Efter en traumatisk h\u00e4ndelse har Martina l\u00e4mnat politiken och startat en g\u00e5rdsbutik p\u00e5 vackra Visings\u00f6 d\u00e4r hon bor med sin man Bj\u00f6rn och sina tv\u00e5 barn. Ut\u00f6ver arbetet med odlingarna k\u00e4mpar hon med relationen till den s\u00e4rbeg\u00e5vade ton\u00e5rsdottern Lilly \u2013 varf\u00f6r ska det vara s\u00e5 f\u00f6rtvivlat sv\u00e5rt att prata med dottern? En dag \u00e4r Lilly pl\u00f6tsligt f\u00f6rsvunnen. I ett k\u00e4rr p\u00e5 \u00f6n hittar man hennes mobiltelefon men d\u00e4r upph\u00f6r alla sp\u00e5r. Har hon rymt eller \u00e4r hon kidnappad? Finns det en koppling mellan Lillys f\u00f6rsvinnande och h\u00e4ndelsen som fick Martina att l\u00e4mna politiken? Eller ligger f\u00f6rklaringen \u00e4nnu l\u00e4ngre bak\u00e5t i tiden, i Martinas egen uppv\u00e4xt?<\/span><\/p>\n<section class=\"book__content__recension js-more-press-quotes open\">\n<div class=\"book__content__quote more-quotes\">\u00a0<\/div>\n<\/section>\n<div>\u00a0<\/div>\n<div>\u00a0<\/div>","protected":false},"excerpt":{"rendered":"<p>Ny sp\u00e4nningsroman med br\u00e4nnande samh\u00e4llsfr\u00e5gor i centrum av f\u00f6rfattaren till \u201dAllt f\u00f6r dig\u201d. Efter en traumatisk h\u00e4ndelse har Martina l\u00e4mnat politiken och startat en g\u00e5rdsbutik p\u00e5 vackra Visings\u00f6 d\u00e4r hon bor med sin man&#46;&#46;&#46;<\/p>\n","protected":false},"author":1,"featured_media":0,"parent":0,"menu_order":0,"comment_status":"closed","ping_status":"closed","template":"","meta":[],"_links":{"self":[{"href":"https:\/\/www.josefin.schygge.se\/index.php?rest_route=\/wp\/v2\/pages\/20"}],"collection":[{"href":"https:\/\/www.josefin.schygge.se\/index.php?rest_route=\/wp\/v2\/pages"}],"about":[{"href":"https:\/\/www.josefin.schygge.se\/index.php?rest_route=\/wp\/v2\/types\/page"}],"author":[{"embeddable":true,"href":"https:\/\/www.josefin.schygge.se\/index.php?rest_route=\/wp\/v2\/users\/1"}],"replies":[{"embeddable":true,"href":"https:\/\/www.josefin.schygge.se\/index.php?rest_route=%2Fwp%2Fv2%2Fcomments&post=20"}],"version-history":[{"count":68,"href":"https:\/\/www.josefin.schygge.se\/index.php?rest_route=\/wp\/v2\/pages\/20\/revisions"}],"predecessor-version":[{"id":247,"href":"https:\/\/www.josefin.schygge.se\/index.php?rest_route=\/wp\/v2\/pages\/20\/revisions\/247"}],"wp:attachment":[{"href":"https:\/\/www.josefin.schygge.se\/index.php?rest_route=%2Fwp%2Fv2%2Fmedia&parent=20"}],"curies":[{"name":"wp","href":"https:\/\/api.w.org\/{rel}","templated":true}]}}