{"id":169,"date":"2021-01-03T13:42:34","date_gmt":"2021-01-03T12:42:34","guid":{"rendered":"http:\/\/www.josefin.schygge.se\/?page_id=169"},"modified":"2023-11-01T15:35:11","modified_gmt":"2023-11-01T14:35:11","slug":"tidigare-publikationer","status":"publish","type":"page","link":"https:\/\/www.josefin.schygge.se\/?page_id=169","title":{"rendered":"Tidigare publikationer"},"content":{"rendered":"<p><a href=\"http:\/\/www.josefin.schygge.se\/wp-content\/uploads\/2021\/12\/image0.jpeg\"><img loading=\"lazy\" class=\"alignnone size-medium wp-image-214\" src=\"http:\/\/www.josefin.schygge.se\/wp-content\/uploads\/2021\/12\/image0-287x300.jpeg\" alt=\"\" width=\"287\" height=\"300\" srcset=\"https:\/\/www.josefin.schygge.se\/wp-content\/uploads\/2021\/12\/image0-287x300.jpeg 287w, https:\/\/www.josefin.schygge.se\/wp-content\/uploads\/2021\/12\/image0.jpeg 612w\" sizes=\"(max-width: 287px) 100vw, 287px\" \/><\/a><\/p>\n<p><strong>Allt f\u00f6r dig<\/strong> \u00e4r Josefins debut som sp\u00e4nningsromanf\u00f6rfattare. Romanen beskrivs som en sp\u00e4nnande bladv\u00e4ndare om utsatthet och h\u00e4mnd. Malin bor p\u00e5 det vackra Visings\u00f6 tillsammans med sin man och sina tv\u00e5 barn. H\u00e4rifr\u00e5n driver hon en popul\u00e4r inredningsblogg, men vad bara ett f\u00e5tal k\u00e4nner till \u00e4r att Malin \u00e4r hotad till livet av en f\u00f6redetta pojkv\u00e4n. Och han har inte gett upp. Bakom den till synes perfekta ytan p\u00e5 bloggen p\u00e5g\u00e5r en kamp p\u00e5 liv och d\u00f6d.<\/p>\n<p><em>L\u00e4ttl\u00e4st <\/em><\/p>\n<p><strong>Allt jag \u00f6nskar<\/strong> \u00e4r ber\u00e4ttelsen om thail\u00e4ndska Kiat. Hon lever lyckligt tillsammans med Johan i Sverige, men hur l\u00e4nge m\u00e5ste hon vara utan sin dotter?<\/p>\n<p><strong>En perfekt julafton <\/strong>\u00e4r boken om Najib. Han firar sin f\u00f6rsta jul i Sverige tillsammans med sin extrafamilj. Alla har k\u00f6pt presenter, men det Najib \u00f6nskar sig mest \u00e4r att f\u00e5 kontakt med sin familj. G\u00e5r det att fixa?<\/p>\n<p><strong>Jag \u00e4r inte dum<\/strong><br \/>\nAhmed \u00e4r ny i Sverige. Han tycker det \u00e4r sv\u00e5rt. Sverige \u00e4r inte likt n\u00e5got annat, svenska \u00e4r n\u00e4stan om\u00f6jligt att l\u00e4ra sig. Allt k\u00e4nns tungt. Till dess han f\u00f6rst\u00e5r vem han \u00e4r &#8211; han \u00e4r Ahmed. Och han \u00e4r inte dum!<\/p>\n<p><a href=\"http:\/\/www.josefin.schygge.se\/wp-content\/uploads\/2014\/04\/9789177232155-200x281.jpg\"><img loading=\"lazy\" class=\"alignnone size-full wp-image-126\" src=\"http:\/\/www.josefin.schygge.se\/wp-content\/uploads\/2014\/04\/9789177232155-200x281.jpg\" alt=\"\" width=\"200\" height=\"281\" \/><\/a> <a href=\"http:\/\/www.josefin.schygge.se\/wp-content\/uploads\/2014\/04\/Bild-en-perfekt-julafton.jpg\"><img loading=\"lazy\" class=\"align none size-full wp-image-119\" src=\"http:\/\/www.josefin.schygge.se\/wp-content\/uploads\/2014\/04\/Bild-en-perfekt-julafton.jpg\" alt=\"Bild en perfekt julafton\" width=\"190\" height=\"265\" \/><\/a> \u00a0 <a href=\"http:\/\/www.josefin.schygge.se\/wp-content\/uploads\/2014\/04\/9789187395741.jpg\"><img loading=\"lazy\" class=\"alignnone size-medium wp-image-123\" src=\"http:\/\/www.josefin.schygge.se\/wp-content\/uploads\/2014\/04\/9789187395741-201x300.jpg\" alt=\"9789187395741\" width=\"201\" height=\"300\" srcset=\"https:\/\/www.josefin.schygge.se\/wp-content\/uploads\/2014\/04\/9789187395741-201x300.jpg 201w, https:\/\/www.josefin.schygge.se\/wp-content\/uploads\/2014\/04\/9789187395741.jpg 420w\" sizes=\"(max-width: 201px) 100vw, 201px\" \/><\/a><\/p>\n<p><em>Ungdom<\/em><\/p>\n<p><strong>Hj\u00e4rtat power off<\/strong><a href=\"http:\/\/www.josefin.schygge.se\/wp-content\/uploads\/2014\/04\/HjartatPowerOff.jpg\"><img loading=\"lazy\" class=\"size-full wp-image-31 alignright\" src=\"http:\/\/www.josefin.schygge.se\/wp-content\/uploads\/2014\/04\/HjartatPowerOff.jpg\" alt=\"HjartatPowerOff\" width=\"149\" height=\"160\" srcset=\"https:\/\/www.josefin.schygge.se\/wp-content\/uploads\/2014\/04\/HjartatPowerOff.jpg 149w, https:\/\/www.josefin.schygge.se\/wp-content\/uploads\/2014\/04\/HjartatPowerOff-100x107.jpg 100w\" sizes=\"(max-width: 149px) 100vw, 149px\" \/><\/a><br \/>\nSofies pappa \u00e4r d\u00f6d, Sofies mamma arbetar sig bort fr\u00e5n sorgen, Sofie sj\u00e4lv tappar bort sig sj\u00e4lv i en v\u00e4rld av skolk, droger och langning. Pl\u00f6tsligt \u00e4r hon vilse i m\u00f6rkaste m\u00f6rker. Full av undran: vem \u00e4r jag, vem vill jag vara?<\/p>\n<p><strong>Hatar att \u00e4lska<a href=\"http:\/\/www.josefin.schygge.se\/wp-content\/uploads\/2014\/04\/HatarAttAlska.jpg\"><img loading=\"lazy\" class=\"size-full wp-image-32 alignright\" src=\"http:\/\/www.josefin.schygge.se\/wp-content\/uploads\/2014\/04\/HatarAttAlska.jpg\" alt=\"HatarAttAlska\" width=\"149\" height=\"160\" srcset=\"https:\/\/www.josefin.schygge.se\/wp-content\/uploads\/2014\/04\/HatarAttAlska.jpg 149w, https:\/\/www.josefin.schygge.se\/wp-content\/uploads\/2014\/04\/HatarAttAlska-100x107.jpg 100w\" sizes=\"(max-width: 149px) 100vw, 149px\" \/><\/a><br \/>\n<\/strong>&#8220;Hatar att \u00e4lska&#8221; \u00e4r en bok\u2028&#8230; om vanliga problem, men som man tror sig vara ensam om.\u2028&#8230; om hur andra bryr sig, men att man \u00e4nd\u00e5 kan k\u00e4nna sig \u00f6vergiven.\u2028&#8230; om att bryta sig loss, men ocks\u00e5 att st\u00e4rka banden.<\/p>\n<p><em>Fortbildning<\/em><\/p>\n<p><strong>Vuxenutbildning &#8211; Allt du beh\u00f6ver veta f\u00f6r att undervisa vuxna<\/strong><\/p>\n<p>Boken utg\u00e5r fr\u00e5n f\u00f6rfattarens samlade erfarenheter och aktuell skolforskning. Den tar upp \u00e4mnen som distansundervisning, spr\u00e5ket i alla \u00e4mnen och hur man s\u00e4tter konkreta l\u00e4randem\u00e5l och inneh\u00e5ller praktiska exempel.<\/p>\n<p>Varje kapitel avslutas med reflektionsfr\u00e5gor att diskutera med kollegorna. Ett steg p\u00e5 v\u00e4gen som f\u00f6rfattaren hoppas ska stimulera vuxl\u00e4rarnas arbete och ge f\u00f6ruts\u00e4ttningar f\u00f6r utveckling av vuxenutbildningen.<\/p>\n<p><a href=\"http:\/\/www.josefin.schygge.se\/wp-content\/uploads\/2019\/05\/9789177411222.jpg\"><img loading=\"lazy\" class=\"alignnone size-medium wp-image-151\" src=\"http:\/\/www.josefin.schygge.se\/wp-content\/uploads\/2019\/05\/9789177411222-193x300.jpg\" alt=\"\" width=\"193\" height=\"300\" srcset=\"https:\/\/www.josefin.schygge.se\/wp-content\/uploads\/2019\/05\/9789177411222-193x300.jpg 193w, https:\/\/www.josefin.schygge.se\/wp-content\/uploads\/2019\/05\/9789177411222.jpg 400w\" sizes=\"(max-width: 193px) 100vw, 193px\" \/>&#8221;<\/a><\/p>\n<p>Du hittar ocks\u00e5 texter av Josefin Schygge i F\u00f6rdel l\u00e4s.<\/p>\n<p><a href=\"http:\/\/www.josefin.schygge.se\/wp-content\/uploads\/2014\/04\/Sk\u00e4rmavbild-2016-08-15-kl.-13.19.54.png\"><img loading=\"lazy\" class=\"alignnone size-medium wp-image-127\" src=\"http:\/\/www.josefin.schygge.se\/wp-content\/uploads\/2014\/04\/Sk\u00e4rmavbild-2016-08-15-kl.-13.19.54-211x300.png\" alt=\"\" width=\"211\" height=\"300\" srcset=\"https:\/\/www.josefin.schygge.se\/wp-content\/uploads\/2014\/04\/Sk\u00e4rmavbild-2016-08-15-kl.-13.19.54-211x300.png 211w, https:\/\/www.josefin.schygge.se\/wp-content\/uploads\/2014\/04\/Sk\u00e4rmavbild-2016-08-15-kl.-13.19.54.png 394w\" sizes=\"(max-width: 211px) 100vw, 211px\" \/><\/a><\/p>\n<p>I &#8220;Svenska s\u00e5klart!&#8221; finns det texter av Josefin Schygge i C-boken och D-boken.<br \/>\n<a href=\"http:\/\/www.josefin.schygge.se\/wp-content\/uploads\/2014\/04\/Unknown.jpg\"><img loading=\"lazy\" class=\"alignnone size-full wp-image-142\" src=\"http:\/\/www.josefin.schygge.se\/wp-content\/uploads\/2014\/04\/Unknown.jpg\" alt=\"\" width=\"200\" height=\"252\" \/><\/a><\/p>\n","protected":false},"excerpt":{"rendered":"<p>Allt f\u00f6r dig \u00e4r Josefins debut som sp\u00e4nningsromanf\u00f6rfattare. Romanen beskrivs som en sp\u00e4nnande bladv\u00e4ndare om utsatthet och h\u00e4mnd. Malin bor p\u00e5 det vackra Visings\u00f6 tillsammans med sin man och sina tv\u00e5 barn. H\u00e4rifr\u00e5n driver&#46;&#46;&#46;<\/p>\n","protected":false},"author":1,"featured_media":0,"parent":0,"menu_order":0,"comment_status":"closed","ping_status":"closed","template":"","meta":[],"_links":{"self":[{"href":"https:\/\/www.josefin.schygge.se\/index.php?rest_route=\/wp\/v2\/pages\/169"}],"collection":[{"href":"https:\/\/www.josefin.schygge.se\/index.php?rest_route=\/wp\/v2\/pages"}],"about":[{"href":"https:\/\/www.josefin.schygge.se\/index.php?rest_route=\/wp\/v2\/types\/page"}],"author":[{"embeddable":true,"href":"https:\/\/www.josefin.schygge.se\/index.php?rest_route=\/wp\/v2\/users\/1"}],"replies":[{"embeddable":true,"href":"https:\/\/www.josefin.schygge.se\/index.php?rest_route=%2Fwp%2Fv2%2Fcomments&post=169"}],"version-history":[{"count":8,"href":"https:\/\/www.josefin.schygge.se\/index.php?rest_route=\/wp\/v2\/pages\/169\/revisions"}],"predecessor-version":[{"id":240,"href":"https:\/\/www.josefin.schygge.se\/index.php?rest_route=\/wp\/v2\/pages\/169\/revisions\/240"}],"wp:attachment":[{"href":"https:\/\/www.josefin.schygge.se\/index.php?rest_route=%2Fwp%2Fv2%2Fmedia&parent=169"}],"curies":[{"name":"wp","href":"https:\/\/api.w.org\/{rel}","templated":true}]}}